{"id":9,"date":"2020-11-30T14:00:48","date_gmt":"2020-11-30T14:00:48","guid":{"rendered":"http:\/\/tam.fprocesu.cz\/?page_id=9"},"modified":"2021-01-26T14:24:56","modified_gmt":"2021-01-26T14:24:56","slug":"curatorial-text","status":"publish","type":"page","link":"https:\/\/www.artivistlab.info\/purano-hangos\/curatorial-text","title":{"rendered":"Curatorial text"},"content":{"rendered":"<p>Revival of old voices<\/p>\n<p>Em\u00edlia Rigov\u00e1<\/p>\n<p>1. 6. \u2013 3. 8. 2020<\/p>\n<p>The opening will take place at 1.6. at 18:00.<\/p>\n<p>We have been planning the exhibition of the artist Emilie Rigov\u00e1 in the Artivist Lab gallery since last year. Originally announced the curatorial selection of videos and photographs from an extensive project called Untitled \/ Deadlock (beginning of 2014), in which Rigov\u00e1 deals with the topic of the Roma Holocaust, we canceled at the very beginning of the quarantine situation. The new author\u2019s exhibition \u201cRevive \/ Purano Hangos\u201d presents a project that Rigov\u00e1 began working on during her residency in NY (2018). This is a procedural project, the \u201cfirst part\u201d of which we present for the first time in the Artivist Lab gallery. Rigov\u00e1\u2019s work in the last period is characterized by an authorial\/authentic approach to the topic of identity. At the same time, she focuses on the visibility of Roma culture or the search for its aspects in the majority culture.<\/p>\n<p>In the Revive \/ Purano Hangos project, old sheet of composed music of already extinct Romani compositions becomes the main source of inspiration. The compositions come from Klenovec, from the collection of Bohuslav Val\u0161\u0165an, which were published in 1994 in the magazine \u201cRomano D\u017eaniben\u201d. In 1957, those songs were sung and recorded by J\u00e1n Cibu\u013ea, M.D., who became the first chairman of the International Roma Union \u2013 Romani Union after his emigration to Switzerland.<\/p>\n<p>In the past, the vast majority of Romani musicians played by ear, which meant that sheet music could never be accurate. Only a true expert can find the right rhythm in them. Through this process, the artist deliberately makes visible the complexity or a certain dysfunction of playing according to musical notes.<\/p>\n<p>In the art project \u201cREVIVE \/ PURANO HANGOS\u201d the melody is brought back to life by non-Roma musicians. It is a symbolic gesture, which the author subliminally introduces in the reading of the whole project: \u201cGadjos\u201d revive Romani songs\u2026 For Rigov\u00e1, sheet music records of old Romani songs become a source of information mediated by non-Romani people. Since the author herself did not know the songs and did not know how they should sound, there was room for individual processing of the melody by the various musicians addressed. The majority of society thus revives old Roma voices. In the act itself, it is symbolically a kind of historical justice. At the same time, Romani musicians have, \u201cHalgato\u201d, as they are stereotypically said to do, \u201cin the blood\u201d, and therefore find the correct rhythm and tones in the notes immediately. The artist plays ambiguously with this reality. She tries to preserve the video recordings on which the musicians sing according to the music recordings of the defunct Romani compositions and enliven them.<\/p>\n<p>Archiving of audio and video recordings takes place in the gallery, but also online on the FB page #puranohangos. The Artivist Lab gallery exhibits a new work by the author \u2013 a self-playing piano, constantly repeating the song \u201cAven, aven, \u00f3 \u017eand\u00e1ra \/ The cops caught us\u201d.<\/p>\n<p>The visitors of the exhibition can sit by the piano, sing and play the lyrics of the song. Their singing is automatically recorded on the camera and becomes part of the exhibition and archived online. On our FB page, we publish notes inviting everyone who wants to revive old voices with us and to join the project. Gradually, a music online archive will be created, which will be supplemented even after the exhibition. There is no coincidence that verses of the song: \u201cThe cops caught us cutting our hair. Don\u2019t cut me completely, yes, I\u2019d better go camping! \u201d are reminiscent of the tragic history and reality that we sent our Roma fellow citizens to concentration camps for death. The sound of the piano is complemented by the instrument of the sculptor, who carves music into the stone directly in the gallery during the exhibition. By complementing the sound of cutting, embracing a song with a mechanical instrument, the artist connects real-time with history. Sound-wise she connects the past, present, and future together.<\/p>\n<p>On August 2, the day of Roma Holocaust Memorial Day, the stone with carved notes will become a monument to the tragedy. Rigov\u00e1 often uses multi-meaning in her works of art, even in this case, where the text thematizes the brutality of the security apparatus. The selection of songs with their content can also refer to current cases of disproportionate intervention by a police officer in Krompa\u0161e, in the locality of Star\u00e1 Ma\u0161a in the Ko\u0161ice region, where on 28 April 2020 children from a Roma settlement were attacked and beaten with a baton. According to the testimony of the attacked girl, the police officer also threatened to shoot them. Using the lyrics, the artist compares the weight of history and reflects our current awareness. The social legacy of the exhibition is clearly legible.<\/p>\n<p>Through art, she re-composes and identifies, works with the reconstruction of history. She points out that even today the verses would find their place and also the reality that the exclusion of the Roma still persists. Is it possible that it is precisely our ignorance of the topic of the Roma Holocaust that we have pushed the boundaries of morality and decent behavior to this day? Do we legitimize the feeling of power among public officials? Rigov\u00e1 opens a very difficult and practically still ignored the topic of the Roma Holocaust. It is very important for the majority society that this topic is addressed by Roma artists. Despite their personal experience, we as a nation can deal with our long silence. Only in this way can satisfaction and justice come. The topic of the Roma Holocaust in Bohemia is even more relevant today because, in fact, the victims and their survivors still do not have a dignified memorial. There is no place of reverence for the third generation of post-Holocaust trauma to mourn for their family. After 70 years, the project of the Lety u P\u00edsku memorial is finally being created.<\/p>\n<p>\u201cThe tradition of the oppressed teaches us that the \u201cemergency situation\u201d we live in is the rule. We must arrive at a conception of history that is responsible. Then it will be clear that the task before us is to establish a real state of emergency, thus improving our position in the fight against fascism. Last but not least, this possibility has a chance that its opponents will accept it as a historical norm in the name of progress. \u2013 The astonishment that the things we experience in the 20th century are \u201cstill\u201d possible is by no means a philosophy. It is not the beginning of knowledge unless it is the knowledge that the concept of history on which we rely is unsustainable. \u201d \u2013 Walter Benjamin (Theses on the philosophy of history)<\/p>\n<p>EM\u00cdLIA RIGOV\u00c1 (* 1980, Trnava, Slovak Republic) is a visual artist who in her work works primarily with an object in the context of an installation, performance, or site-specific intervention. She uses the possibilities of 2D imaging, such as computer graphics with starting points in classical painting. She examines the content of the intersubjectivity of emotional experience, modified by the specifics of the socio-cultural environment. The central themes of her works are cultural and social stereotypes, alter-ego, Roma identity and individual psychology. The author studied at the Department of Sculpture of the Academy of Arts in Bansk\u00e1 Bystrica and in 2011 received a PhD. title with the work Sculpture as Metalepsy in the Digital Age. She exhibits her works and is engaged in curatorial, pedagogical and publishing activities. She teaches art courses in the fields of sculpture, multimedia and intermedia in Bansk\u00e1 Bystrica, where she lives and works. Rigov\u00e1 exhibits in Slovakia and intensively abroad. Examples of individual exhibitions include Periphery Icons (2019) at Bratislava\u2019s Gandy Gallery, Lost Forest (2018) at Berlin\u2019s ERIAC (European Roma Institute for Culture and the Arts), Lost Identity (2018) at MQ21 in Vienna and others. For example, she exhibited as a group at the FUTUROMA exhibition (2019) at last year\u2019s Biennial in Venice (curator Daniel Baker) and together with Petra Han\u00e1kov\u00e1 she was the curator of the exhibition Keres kultura! We do culture! (2019 \u2013 2020) in the Central Slovak Gallery in Bansk\u00e1 Bystrica. In 2018, she received the Osk\u00e1r \u010cepan Award.<\/p>\n<p><a href=\"https:\/\/emiliarigova.com\/\" target=\"_blank\" rel=\"noopener\">emiliarigova.com<\/a><\/p>\n<p>Curator: Tamara Moyzes<\/p>\n<p>Construction of sound and multimedia installation:<\/p>\n<p>Milan Gu\u0161t\u00e1r<\/p>\n<p>Jan Mucska \u00a9 2046<\/p>\n<p>The exhibition is part of the program of the 22nd World Roma Festival Khamoro.<\/p>\n<p>The KHAMORO Festival has become one of the most important Roma cultural projects not only in the Czech Republic, but in the whole of Europe. The festival is organized by SLOVO 21, z.s. and Studio Production Saga, s.r.o and as its organizers we try to contribute not only to the professional presentation of Roma culture and art, but also to capture current topics related to the position of Roma.<\/p>\n<p>&nbsp;<\/p>\n<p>The Revive \/ Purano Hangos project is developed with the support of the European Roma Institute for Arts and Culture (ERIAC).<\/p>\n","protected":false},"excerpt":{"rendered":"<p>Revival of old voices Em\u00edlia Rigov\u00e1 1. 6. \u2013 3. 8. 2020 The opening will take place at 1.6. at 18:00. We have been planning the exhibition of the artist Emilie Rigov\u00e1 in the Artivist Lab gallery since last year. Originally announced the curatorial selection of videos and photographs from an extensive project called Untitled [&hellip;]<\/p>\n","protected":false},"author":1,"featured_media":259,"parent":0,"menu_order":2,"comment_status":"closed","ping_status":"closed","template":"","meta":[],"yoast_head":"<!-- This site is optimized with the Yoast SEO plugin v15.6.2 - https:\/\/yoast.com\/wordpress\/plugins\/seo\/ -->\n<meta name=\"robots\" content=\"index, follow, max-snippet:-1, max-image-preview:large, max-video-preview:-1\" \/>\n<link rel=\"canonical\" href=\"http:\/\/www.artivistlab.info\/purano-hangos\/curatorial-text\" \/>\n<meta property=\"og:locale\" content=\"en_US\" \/>\n<meta property=\"og:type\" content=\"article\" \/>\n<meta property=\"og:title\" content=\"Curatorial text - tam\" \/>\n<meta property=\"og:description\" content=\"Revival of old voices Em\u00edlia Rigov\u00e1 1. 6. \u2013 3. 8. 2020 The opening will take place at 1.6. at 18:00. We have been planning the exhibition of the artist Emilie Rigov\u00e1 in the Artivist Lab gallery since last year. Originally announced the curatorial selection of videos and photographs from an extensive project called Untitled [&hellip;]\" \/>\n<meta property=\"og:url\" content=\"http:\/\/www.artivistlab.info\/purano-hangos\/curatorial-text\" \/>\n<meta property=\"og:site_name\" content=\"tam\" \/>\n<meta property=\"article:modified_time\" content=\"2021-01-26T14:24:56+00:00\" \/>\n<meta property=\"og:image\" content=\"https:\/\/www.artivistlab.info\/purano-hangos\/wp-content\/uploads\/2020\/12\/dsc-0170s.jpg\" \/>\n\t<meta property=\"og:image:width\" content=\"900\" \/>\n\t<meta property=\"og:image:height\" content=\"600\" \/>\n<meta name=\"twitter:card\" content=\"summary_large_image\" \/>\n<meta name=\"twitter:label1\" content=\"Est. reading time\">\n\t<meta name=\"twitter:data1\" content=\"7 minutes\">\n<script type=\"application\/ld+json\" class=\"yoast-schema-graph\">{\"@context\":\"https:\/\/schema.org\",\"@graph\":[{\"@type\":\"WebSite\",\"@id\":\"https:\/\/www.artivistlab.info\/purano-hangos\/#website\",\"url\":\"https:\/\/www.artivistlab.info\/purano-hangos\/\",\"name\":\"tam\",\"description\":\"Just another WordPress site\",\"potentialAction\":[{\"@type\":\"SearchAction\",\"target\":\"https:\/\/www.artivistlab.info\/purano-hangos\/?s={search_term_string}\",\"query-input\":\"required name=search_term_string\"}],\"inLanguage\":\"en-US\"},{\"@type\":\"ImageObject\",\"@id\":\"http:\/\/www.artivistlab.info\/purano-hangos\/curatorial-text#primaryimage\",\"inLanguage\":\"en-US\",\"url\":\"https:\/\/www.artivistlab.info\/purano-hangos\/wp-content\/uploads\/2020\/12\/dsc-0170s.jpg\",\"width\":900,\"height\":600},{\"@type\":\"WebPage\",\"@id\":\"http:\/\/www.artivistlab.info\/purano-hangos\/curatorial-text#webpage\",\"url\":\"http:\/\/www.artivistlab.info\/purano-hangos\/curatorial-text\",\"name\":\"Curatorial text - tam\",\"isPartOf\":{\"@id\":\"https:\/\/www.artivistlab.info\/purano-hangos\/#website\"},\"primaryImageOfPage\":{\"@id\":\"http:\/\/www.artivistlab.info\/purano-hangos\/curatorial-text#primaryimage\"},\"datePublished\":\"2020-11-30T14:00:48+00:00\",\"dateModified\":\"2021-01-26T14:24:56+00:00\",\"inLanguage\":\"en-US\",\"potentialAction\":[{\"@type\":\"ReadAction\",\"target\":[\"http:\/\/www.artivistlab.info\/purano-hangos\/curatorial-text\"]}]}]}<\/script>\n<!-- \/ Yoast SEO plugin. -->","_links":{"self":[{"href":"https:\/\/www.artivistlab.info\/purano-hangos\/wp-json\/wp\/v2\/pages\/9"}],"collection":[{"href":"https:\/\/www.artivistlab.info\/purano-hangos\/wp-json\/wp\/v2\/pages"}],"about":[{"href":"https:\/\/www.artivistlab.info\/purano-hangos\/wp-json\/wp\/v2\/types\/page"}],"author":[{"embeddable":true,"href":"https:\/\/www.artivistlab.info\/purano-hangos\/wp-json\/wp\/v2\/users\/1"}],"replies":[{"embeddable":true,"href":"https:\/\/www.artivistlab.info\/purano-hangos\/wp-json\/wp\/v2\/comments?post=9"}],"version-history":[{"count":11,"href":"https:\/\/www.artivistlab.info\/purano-hangos\/wp-json\/wp\/v2\/pages\/9\/revisions"}],"predecessor-version":[{"id":350,"href":"https:\/\/www.artivistlab.info\/purano-hangos\/wp-json\/wp\/v2\/pages\/9\/revisions\/350"}],"wp:featuredmedia":[{"embeddable":true,"href":"https:\/\/www.artivistlab.info\/purano-hangos\/wp-json\/wp\/v2\/media\/259"}],"wp:attachment":[{"href":"https:\/\/www.artivistlab.info\/purano-hangos\/wp-json\/wp\/v2\/media?parent=9"}],"curies":[{"name":"wp","href":"https:\/\/api.w.org\/{rel}","templated":true}]}}