{"id":31,"date":"2020-11-30T14:53:14","date_gmt":"2020-11-30T14:53:14","guid":{"rendered":"http:\/\/tam.fprocesu.cz\/?page_id=31"},"modified":"2021-01-26T14:28:41","modified_gmt":"2021-01-26T14:28:41","slug":"press","status":"publish","type":"page","link":"https:\/\/www.artivistlab.info\/purano-hangos\/press","title":{"rendered":"Press"},"content":{"rendered":"<p>FlashArt English \/<a href=\"http:\/\/www.artivistlab.info\/wp-content\/uploads\/2020\/12\/english-komplet-REVIEW-RIGOVA.pdf\"> download PDF<\/a><\/p>\n<p>\u010cRO Vltava, ArtCaf\u00e9 (Czech Radio[1]):<\/p>\n<p>I do not curtail art into adoration of Romani people, what I have at heart is the dialog, says distinguished Slovakian artist opening her exhibition in Prague.<\/p>\n<p>Songs bringing past times up to date. What is the history of vanished Romani songs halg\u00e1to, which emotions are concealed in them and why should non-Romani people sing these lays too? Slovakian artist with Romani roots and laureate of the Osk\u00e1r \u010cepak prize Em\u00edlia Rigov\u00e1 talks about their origin and different levels of meaning. Her auctorial exhibition called \u201cRevive\/Purano Hangos\u201d (Old Voices Revival) has been opened in Prague gallery Artivist Lab. Curator Tamara Moyzes presents connection of the project with the Romani Holocaust Memorial Day. Ethnomusicologist Zuzana Jurkov\u00e1 gives us more details about this genre of Romani songs and we will discuss Romani musical commemorating of the Holocaust too. Hosted by Petra Kultov\u00e1, music chosen by Petr Dor\u016f\u017eka.<\/p>\n<p><a href=\"http:\/\/www.artivistlab.info\/purano-hangos\/wp-content\/uploads\/2020\/12\/ARTcafe_radiovltava.pdf\" target=\"_blank\" rel=\"noopener\">ArtCafe English<\/a><\/p>\n<p>Kapital English version \u2013 <a href=\"http:\/\/www.artivistlab.info\/wp-content\/uploads\/2020\/12\/kptal_nah_eng.pdf\" target=\"_blank\" rel=\"noreferrer noopener\">download PDF<\/a><\/p>\n<p><a href=\"http:\/\/www.artivistlab.info\/purano-hangos\/wp-content\/uploads\/2020\/12\/HateFree_rigova1.pdf\" target=\"_blank\" rel=\"noopener\">HateFree English<\/a><\/p>\n<p>Khamoro festival This year\u2019s festival perked up with the exhibition of Em\u00edlie Rigov\u00e1: <a href=\"https:\/\/www.khamoro.cz\/cs\/khamoro-novinky\/533-khamoro-2020-oziva\" target=\"_blank\" rel=\"noreferrer noopener\">V\u00fdstavou Em\u00edlie Rigov\u00e9 o\u017eil leto\u0161n\u00ed festival<\/a><\/p>\n<p>&nbsp;<\/p>\n<p>&nbsp;<\/p>\n<p>&nbsp;<\/p>\n","protected":false},"excerpt":{"rendered":"<p>FlashArt English \/ download PDF \u010cRO Vltava, ArtCaf\u00e9 (Czech Radio[1]): I do not curtail art into adoration of Romani people, what I have at heart is the dialog, says distinguished Slovakian artist opening her exhibition in Prague. Songs bringing past times up to date. What is the history of vanished Romani songs halg\u00e1to, which emotions [&hellip;]<\/p>\n","protected":false},"author":1,"featured_media":0,"parent":0,"menu_order":8,"comment_status":"closed","ping_status":"closed","template":"","meta":[],"yoast_head":"<!-- This site is optimized with the Yoast SEO plugin v15.6.2 - https:\/\/yoast.com\/wordpress\/plugins\/seo\/ -->\n<meta name=\"robots\" content=\"index, follow, max-snippet:-1, max-image-preview:large, max-video-preview:-1\" \/>\n<link rel=\"canonical\" href=\"http:\/\/www.artivistlab.info\/purano-hangos\/press\" \/>\n<meta property=\"og:locale\" content=\"en_US\" \/>\n<meta property=\"og:type\" content=\"article\" \/>\n<meta property=\"og:title\" content=\"Press - tam\" \/>\n<meta property=\"og:description\" content=\"FlashArt English \/ download PDF \u010cRO Vltava, ArtCaf\u00e9 (Czech Radio[1]): I do not curtail art into adoration of Romani people, what I have at heart is the dialog, says distinguished Slovakian artist opening her exhibition in Prague. Songs bringing past times up to date. What is the history of vanished Romani songs halg\u00e1to, which emotions [&hellip;]\" \/>\n<meta property=\"og:url\" content=\"http:\/\/www.artivistlab.info\/purano-hangos\/press\" \/>\n<meta property=\"og:site_name\" content=\"tam\" \/>\n<meta property=\"article:modified_time\" content=\"2021-01-26T14:28:41+00:00\" \/>\n<meta name=\"twitter:card\" content=\"summary_large_image\" \/>\n<meta name=\"twitter:label1\" content=\"Est. reading time\">\n\t<meta name=\"twitter:data1\" content=\"1 minute\">\n<script type=\"application\/ld+json\" class=\"yoast-schema-graph\">{\"@context\":\"https:\/\/schema.org\",\"@graph\":[{\"@type\":\"WebSite\",\"@id\":\"https:\/\/www.artivistlab.info\/purano-hangos\/#website\",\"url\":\"https:\/\/www.artivistlab.info\/purano-hangos\/\",\"name\":\"tam\",\"description\":\"Just another WordPress site\",\"potentialAction\":[{\"@type\":\"SearchAction\",\"target\":\"https:\/\/www.artivistlab.info\/purano-hangos\/?s={search_term_string}\",\"query-input\":\"required name=search_term_string\"}],\"inLanguage\":\"en-US\"},{\"@type\":\"WebPage\",\"@id\":\"http:\/\/www.artivistlab.info\/purano-hangos\/press#webpage\",\"url\":\"http:\/\/www.artivistlab.info\/purano-hangos\/press\",\"name\":\"Press - tam\",\"isPartOf\":{\"@id\":\"https:\/\/www.artivistlab.info\/purano-hangos\/#website\"},\"datePublished\":\"2020-11-30T14:53:14+00:00\",\"dateModified\":\"2021-01-26T14:28:41+00:00\",\"inLanguage\":\"en-US\",\"potentialAction\":[{\"@type\":\"ReadAction\",\"target\":[\"http:\/\/www.artivistlab.info\/purano-hangos\/press\"]}]}]}<\/script>\n<!-- \/ Yoast SEO plugin. -->","_links":{"self":[{"href":"https:\/\/www.artivistlab.info\/purano-hangos\/wp-json\/wp\/v2\/pages\/31"}],"collection":[{"href":"https:\/\/www.artivistlab.info\/purano-hangos\/wp-json\/wp\/v2\/pages"}],"about":[{"href":"https:\/\/www.artivistlab.info\/purano-hangos\/wp-json\/wp\/v2\/types\/page"}],"author":[{"embeddable":true,"href":"https:\/\/www.artivistlab.info\/purano-hangos\/wp-json\/wp\/v2\/users\/1"}],"replies":[{"embeddable":true,"href":"https:\/\/www.artivistlab.info\/purano-hangos\/wp-json\/wp\/v2\/comments?post=31"}],"version-history":[{"count":15,"href":"https:\/\/www.artivistlab.info\/purano-hangos\/wp-json\/wp\/v2\/pages\/31\/revisions"}],"predecessor-version":[{"id":356,"href":"https:\/\/www.artivistlab.info\/purano-hangos\/wp-json\/wp\/v2\/pages\/31\/revisions\/356"}],"wp:attachment":[{"href":"https:\/\/www.artivistlab.info\/purano-hangos\/wp-json\/wp\/v2\/media?parent=31"}],"curies":[{"name":"wp","href":"https:\/\/api.w.org\/{rel}","templated":true}]}}