{"id":113,"date":"2020-12-09T23:37:13","date_gmt":"2020-12-09T23:37:13","guid":{"rendered":"http:\/\/tam.fprocesu.cz\/?page_id=113"},"modified":"2021-01-26T14:32:01","modified_gmt":"2021-01-26T14:32:01","slug":"concert-2","status":"publish","type":"page","link":"https:\/\/www.artivistlab.info\/purano-hangos\/concert-2","title":{"rendered":"Concert #2"},"content":{"rendered":"<p>As part of the accompanying program of the exhibition &#8220;REVIVE \/ PURANO HANGOS&#8221;, Artivist Lab invited Jakub Urban, Giora Kukui, and Jitka Matiov\u00e1 to revive the old Roma voices that have been lost after the war.<\/p>\n<p><iframe src=\"https:\/\/www.youtube.com\/embed\/K0ci_l4PlA0\" width=\"560\" height=\"315\" frameborder=\"0\" allowfullscreen=\"allowfullscreen\"><\/iframe><\/p>\n<p>&nbsp;<\/p>\n<p><iframe src=\"https:\/\/www.youtube.com\/embed\/MgEW5VlzdZw\" width=\"560\" height=\"315\" frameborder=\"0\" allowfullscreen=\"allowfullscreen\"><\/iframe><\/p>\n<p>&nbsp;<\/p>\n<p>Jakub Urban &#8211; studied classical and jazz piano at the Jaroslav Je\u017eek Conservatory and Secondary School in Prague. He composes original music for his project Urban trio. He works closely with singer Jan Smigmator. He works as a piano player for the Music of the Castle Guard and the Police of the Czech Republic. You can also hear him in Bohuslav Wolf&#8217;s Bohemia big band, or in the projects of trumpet player Michal Gera, double bass player Franti\u0161ek Uhl\u00ed\u0159 and other jazzmen.<\/p>\n<p>&nbsp;<\/p>\n<p>Giora Kukui &#8211; After finishing his studies at the Rimon School of Jazz and Contemporary Music in Ramat Hasharon, Israel, Giora completed his musical education at The Jerusalem Academy of Music and Dance.<br \/>\nHe has been teaching music for over ten years. He is a band leader \u2013 \u201cKukui Quartet\u201d and the The \u201cMJUD\u201d.<br \/>\nIn both active as Composer, Arranger and a Piano and Organ player. Composer \u2013 the film \u201cLiebe\u201d (2017)<br \/>\nRecording artist \u2013 \u201cNew york junk\u201d, If required, the piano classes can include music theory, harmony, rhythm and ear training. Style of music can be classical or Jazz and blues.<\/p>\n<p>Jitka Matiova &#8211; graduated from Ida Kelarov\u00e1 school. She studied Singing at the International Conservatory in Prague. She works at school incorporation with the Superstar performs agency on the first Romani musical.<\/p>\n","protected":false},"excerpt":{"rendered":"<p>As part of the accompanying program of the exhibition &#8220;REVIVE \/ PURANO HANGOS&#8221;, Artivist Lab invited Jakub Urban, Giora Kukui, and Jitka Matiov\u00e1 to revive the old Roma voices that have been lost after the war. &nbsp; &nbsp; Jakub Urban &#8211; studied classical and jazz piano at the Jaroslav Je\u017eek Conservatory and Secondary School in [&hellip;]<\/p>\n","protected":false},"author":2,"featured_media":0,"parent":0,"menu_order":4,"comment_status":"closed","ping_status":"closed","template":"","meta":[],"yoast_head":"<!-- This site is optimized with the Yoast SEO plugin v15.6.2 - https:\/\/yoast.com\/wordpress\/plugins\/seo\/ -->\n<meta name=\"robots\" content=\"index, follow, max-snippet:-1, max-image-preview:large, max-video-preview:-1\" \/>\n<link rel=\"canonical\" href=\"http:\/\/www.artivistlab.info\/purano-hangos\/concert-2\" \/>\n<meta property=\"og:locale\" content=\"en_US\" \/>\n<meta property=\"og:type\" content=\"article\" \/>\n<meta property=\"og:title\" content=\"Concert #2 - tam\" \/>\n<meta property=\"og:description\" content=\"As part of the accompanying program of the exhibition &#8220;REVIVE \/ PURANO HANGOS&#8221;, Artivist Lab invited Jakub Urban, Giora Kukui, and Jitka Matiov\u00e1 to revive the old Roma voices that have been lost after the war. &nbsp; &nbsp; Jakub Urban &#8211; studied classical and jazz piano at the Jaroslav Je\u017eek Conservatory and Secondary School in [&hellip;]\" \/>\n<meta property=\"og:url\" content=\"http:\/\/www.artivistlab.info\/purano-hangos\/concert-2\" \/>\n<meta property=\"og:site_name\" content=\"tam\" \/>\n<meta property=\"article:modified_time\" content=\"2021-01-26T14:32:01+00:00\" \/>\n<meta name=\"twitter:card\" content=\"summary_large_image\" \/>\n<meta name=\"twitter:label1\" content=\"Est. reading time\">\n\t<meta name=\"twitter:data1\" content=\"1 minute\">\n<script type=\"application\/ld+json\" class=\"yoast-schema-graph\">{\"@context\":\"https:\/\/schema.org\",\"@graph\":[{\"@type\":\"WebSite\",\"@id\":\"https:\/\/www.artivistlab.info\/purano-hangos\/#website\",\"url\":\"https:\/\/www.artivistlab.info\/purano-hangos\/\",\"name\":\"tam\",\"description\":\"Just another WordPress site\",\"potentialAction\":[{\"@type\":\"SearchAction\",\"target\":\"https:\/\/www.artivistlab.info\/purano-hangos\/?s={search_term_string}\",\"query-input\":\"required name=search_term_string\"}],\"inLanguage\":\"en-US\"},{\"@type\":\"WebPage\",\"@id\":\"http:\/\/www.artivistlab.info\/purano-hangos\/concert-2#webpage\",\"url\":\"http:\/\/www.artivistlab.info\/purano-hangos\/concert-2\",\"name\":\"Concert #2 - tam\",\"isPartOf\":{\"@id\":\"https:\/\/www.artivistlab.info\/purano-hangos\/#website\"},\"datePublished\":\"2020-12-09T23:37:13+00:00\",\"dateModified\":\"2021-01-26T14:32:01+00:00\",\"inLanguage\":\"en-US\",\"potentialAction\":[{\"@type\":\"ReadAction\",\"target\":[\"http:\/\/www.artivistlab.info\/purano-hangos\/concert-2\"]}]}]}<\/script>\n<!-- \/ Yoast SEO plugin. -->","_links":{"self":[{"href":"https:\/\/www.artivistlab.info\/purano-hangos\/wp-json\/wp\/v2\/pages\/113"}],"collection":[{"href":"https:\/\/www.artivistlab.info\/purano-hangos\/wp-json\/wp\/v2\/pages"}],"about":[{"href":"https:\/\/www.artivistlab.info\/purano-hangos\/wp-json\/wp\/v2\/types\/page"}],"author":[{"embeddable":true,"href":"https:\/\/www.artivistlab.info\/purano-hangos\/wp-json\/wp\/v2\/users\/2"}],"replies":[{"embeddable":true,"href":"https:\/\/www.artivistlab.info\/purano-hangos\/wp-json\/wp\/v2\/comments?post=113"}],"version-history":[{"count":14,"href":"https:\/\/www.artivistlab.info\/purano-hangos\/wp-json\/wp\/v2\/pages\/113\/revisions"}],"predecessor-version":[{"id":360,"href":"https:\/\/www.artivistlab.info\/purano-hangos\/wp-json\/wp\/v2\/pages\/113\/revisions\/360"}],"wp:attachment":[{"href":"https:\/\/www.artivistlab.info\/purano-hangos\/wp-json\/wp\/v2\/media?parent=113"}],"curies":[{"name":"wp","href":"https:\/\/api.w.org\/{rel}","templated":true}]}}