{"id":109,"date":"2020-12-09T21:25:16","date_gmt":"2020-12-09T21:25:16","guid":{"rendered":"http:\/\/tam.fprocesu.cz\/?page_id=109"},"modified":"2021-01-26T15:04:35","modified_gmt":"2021-01-26T15:04:35","slug":"concert-1","status":"publish","type":"page","link":"https:\/\/www.artivistlab.info\/purano-hangos\/concert-1","title":{"rendered":"Concert #1"},"content":{"rendered":"<p>As part of the accompanying program of the &#8220;REVIVE \/ PURANO HANGOS&#8221; (Revival of old voices) we invited the singer Pavl\u00edna Matiov\u00e1 and the pianist Jakub T\u00f6k\u00f6ly to revive the old voices on June 17<\/p>\n<p><iframe src=\"https:\/\/www.youtube.com\/embed\/yTrTQh62JUU\" width=\"560\" height=\"315\" frameborder=\"0\" allowfullscreen=\"allowfullscreen\"><\/iframe><\/p>\n<p>Singer and actress Pavl\u00edna Matiov\u00e1 (1988) was born in Roudnice nad Labem into a Roma musician family. She graduated from a secondary pedagogical school and is a graduate of the conservatory in the field of singing. She is a member of the theater group Ara Art. She has performed in several musical titles at the Vinohrady Theater, the Hybernina Theater, the Karl\u00edn Music Theater and the Congress Center. She is the first Romani woman to sing as a soloist in Prague&#8217;s Rudolfinum. She currently works in the theater group Ara Art, gives concerts with the band La\u010de manu\u0161a, collaborates with Grammy Award winner Oran Etkin and devotes himself to his own music.<\/p>\n<p>Jakub T\u00f6k\u00f6ly was born on April 23, 1990 in Nov\u00e1 Bana into a family with a deep musical tradition. His passion for music began in his early childhood. After graduating from elementary art school, he acquired and expanded his musical knowledge at the J.L. Bell Conservatory in Bansk\u00e1 Bystrica. In addition to classical music, which began to shape him during this period, an intense element of Jazz entered his life. In Bansk\u00e1 Bystrica he became a student of the leading jazz pianist and teacher Klaudia Kov\u00e1\u010d. During this period, Martin Uhereka became a member of the quartet.<\/p>\n<p>Co-organizer: ARA ART<\/p>\n<p>#Puranohangos<br \/>\nhttps:\/\/www.facebook.com\/pg\/Puranohangos\/about\/?ref=page_internal<\/p>\n","protected":false},"excerpt":{"rendered":"<p>As part of the accompanying program of the &#8220;REVIVE \/ PURANO HANGOS&#8221; (Revival of old voices) we invited the singer Pavl\u00edna Matiov\u00e1 and the pianist Jakub T\u00f6k\u00f6ly to revive the old voices on June 17 Singer and actress Pavl\u00edna Matiov\u00e1 (1988) was born in Roudnice nad Labem into a Roma musician family. She graduated from [&hellip;]<\/p>\n","protected":false},"author":2,"featured_media":259,"parent":0,"menu_order":3,"comment_status":"closed","ping_status":"closed","template":"","meta":[],"yoast_head":"<!-- This site is optimized with the Yoast SEO plugin v15.6.2 - https:\/\/yoast.com\/wordpress\/plugins\/seo\/ -->\n<meta name=\"robots\" content=\"index, follow, max-snippet:-1, max-image-preview:large, max-video-preview:-1\" \/>\n<link rel=\"canonical\" href=\"http:\/\/www.artivistlab.info\/purano-hangos\/concert-1\" \/>\n<meta property=\"og:locale\" content=\"en_US\" \/>\n<meta property=\"og:type\" content=\"article\" \/>\n<meta property=\"og:title\" content=\"Concert #1 - tam\" \/>\n<meta property=\"og:description\" content=\"As part of the accompanying program of the &#8220;REVIVE \/ PURANO HANGOS&#8221; (Revival of old voices) we invited the singer Pavl\u00edna Matiov\u00e1 and the pianist Jakub T\u00f6k\u00f6ly to revive the old voices on June 17 Singer and actress Pavl\u00edna Matiov\u00e1 (1988) was born in Roudnice nad Labem into a Roma musician family. She graduated from [&hellip;]\" \/>\n<meta property=\"og:url\" content=\"http:\/\/www.artivistlab.info\/purano-hangos\/concert-1\" \/>\n<meta property=\"og:site_name\" content=\"tam\" \/>\n<meta property=\"article:modified_time\" content=\"2021-01-26T15:04:35+00:00\" \/>\n<meta property=\"og:image\" content=\"https:\/\/www.artivistlab.info\/purano-hangos\/wp-content\/uploads\/2020\/12\/dsc-0170s.jpg\" \/>\n\t<meta property=\"og:image:width\" content=\"900\" \/>\n\t<meta property=\"og:image:height\" content=\"600\" \/>\n<meta name=\"twitter:card\" content=\"summary_large_image\" \/>\n<meta name=\"twitter:label1\" content=\"Est. reading time\">\n\t<meta name=\"twitter:data1\" content=\"1 minute\">\n<script type=\"application\/ld+json\" class=\"yoast-schema-graph\">{\"@context\":\"https:\/\/schema.org\",\"@graph\":[{\"@type\":\"WebSite\",\"@id\":\"https:\/\/www.artivistlab.info\/purano-hangos\/#website\",\"url\":\"https:\/\/www.artivistlab.info\/purano-hangos\/\",\"name\":\"tam\",\"description\":\"Just another WordPress site\",\"potentialAction\":[{\"@type\":\"SearchAction\",\"target\":\"https:\/\/www.artivistlab.info\/purano-hangos\/?s={search_term_string}\",\"query-input\":\"required name=search_term_string\"}],\"inLanguage\":\"en-US\"},{\"@type\":\"ImageObject\",\"@id\":\"http:\/\/www.artivistlab.info\/purano-hangos\/concert-1#primaryimage\",\"inLanguage\":\"en-US\",\"url\":\"https:\/\/www.artivistlab.info\/purano-hangos\/wp-content\/uploads\/2020\/12\/dsc-0170s.jpg\",\"width\":900,\"height\":600},{\"@type\":\"WebPage\",\"@id\":\"http:\/\/www.artivistlab.info\/purano-hangos\/concert-1#webpage\",\"url\":\"http:\/\/www.artivistlab.info\/purano-hangos\/concert-1\",\"name\":\"Concert #1 - tam\",\"isPartOf\":{\"@id\":\"https:\/\/www.artivistlab.info\/purano-hangos\/#website\"},\"primaryImageOfPage\":{\"@id\":\"http:\/\/www.artivistlab.info\/purano-hangos\/concert-1#primaryimage\"},\"datePublished\":\"2020-12-09T21:25:16+00:00\",\"dateModified\":\"2021-01-26T15:04:35+00:00\",\"inLanguage\":\"en-US\",\"potentialAction\":[{\"@type\":\"ReadAction\",\"target\":[\"http:\/\/www.artivistlab.info\/purano-hangos\/concert-1\"]}]}]}<\/script>\n<!-- \/ Yoast SEO plugin. -->","_links":{"self":[{"href":"https:\/\/www.artivistlab.info\/purano-hangos\/wp-json\/wp\/v2\/pages\/109"}],"collection":[{"href":"https:\/\/www.artivistlab.info\/purano-hangos\/wp-json\/wp\/v2\/pages"}],"about":[{"href":"https:\/\/www.artivistlab.info\/purano-hangos\/wp-json\/wp\/v2\/types\/page"}],"author":[{"embeddable":true,"href":"https:\/\/www.artivistlab.info\/purano-hangos\/wp-json\/wp\/v2\/users\/2"}],"replies":[{"embeddable":true,"href":"https:\/\/www.artivistlab.info\/purano-hangos\/wp-json\/wp\/v2\/comments?post=109"}],"version-history":[{"count":13,"href":"https:\/\/www.artivistlab.info\/purano-hangos\/wp-json\/wp\/v2\/pages\/109\/revisions"}],"predecessor-version":[{"id":362,"href":"https:\/\/www.artivistlab.info\/purano-hangos\/wp-json\/wp\/v2\/pages\/109\/revisions\/362"}],"wp:featuredmedia":[{"embeddable":true,"href":"https:\/\/www.artivistlab.info\/purano-hangos\/wp-json\/wp\/v2\/media\/259"}],"wp:attachment":[{"href":"https:\/\/www.artivistlab.info\/purano-hangos\/wp-json\/wp\/v2\/media?parent=109"}],"curies":[{"name":"wp","href":"https:\/\/api.w.org\/{rel}","templated":true}]}}