{"id":105,"date":"2020-12-09T21:22:31","date_gmt":"2020-12-09T21:22:31","guid":{"rendered":"http:\/\/tam.fprocesu.cz\/?page_id=105"},"modified":"2021-01-26T14:30:35","modified_gmt":"2021-01-26T14:30:35","slug":"film-screening-and-discussion-lety","status":"publish","type":"page","link":"https:\/\/www.artivistlab.info\/purano-hangos\/film-screening-and-discussion-lety","title":{"rendered":"Film screening and discussion: Lety"},"content":{"rendered":"<p>Hybernsk\u00e1 Campus, Hybernsk\u00e1 4, Praha 1<br \/>\nKino s\u00e1l<\/p>\n<p>On 16. 07. 2020 at 18:00h. the documentary film \u201eLETY\u201c was screened at Hybernsk\u00e1 Campus, Hybernsk\u00e1 4, Praha 1, Kino s\u00e1l, followed by a discussion among Renata Berkyov\u00e1 (co-author of the film, Prague Forum for Roma History, \u00daSD) and Moderated by Helena Sad\u00edlkov\u00e1 (FFUK Roma studies Seminar)<\/p>\n<p><img loading=\"lazy\" class=\"alignnone wp-image-89 \" src=\"http:\/\/www.artivistlab.info\/purano-hangos\/wp-content\/uploads\/2020\/12\/lety-plagat-e1609363341140.jpg\" alt=\"\" width=\"308\" height=\"436\" \/><\/p>\n<p>The documentary film LETY by Romani filmmakers who have captured the efforts made by many stakeholders to remove the pig farm from the site of the former \u201cGypsy Camp\u201d and the ongoing debate about its history.<\/p>\n<p>Clips from the archives of Czech Television and\u00a0ROMEA TV, augmented by footage capturing the events of the last two years, are also illustrated through testimonies from\u00a0the Lety concentration camp survivors and interviews with those involved in post-1989 efforts to remove the industrial pig farm from the site.\u00a0An investigation of some of the unclear facts that influenced the development of the buyout of the farm was also part of the work on the film.<\/p>\n<p>\u201cIt is no secret that, through this film, we are communicating the opinion we have arrived at during the many years we have been documenting the events associated with Lety, ever since 2003,\u201d\u00a0says the director of the ROMEA organization, Zden\u011bk Ry\u0161av\u00fd. One of the filmmakers, Franti\u0161ek Bik\u00e1r, who is also the main camera operator and coordinator of the online television channel ROMEA TV,\u00a0explains one of the motivations for producing the documentary:\u00a0\u00a0&#8220;Constellations of politicians came and went during the annual civil society commemorative ceremonies, but nothing ever came of their promises to create a dignified remembrance site.&#8221;<\/p>\n<p>&#8220;When it began to seem as if the pig farm would be bought out and the price was being established, we decided to show the public the story in a broader context,\u201d\u00a0Bik\u00e1r\u00a0says. His fellow documentarist Viola Tok\u00e1rov\u00e1 says: \u201cThe most demanding aspect was choosing clips from the volume of archival material and interviews with eyewitnesses available so we could present the history of this place in 60 minutes while also outlining the deeper roots of Czech society\u2019s unwillingness to come to terms not just with the events that transpired here during the Second World War, but also with those that Czech society could have directly influenced.\u201d<\/p>\n<p>The main character of the documentary film is activist and Romani community member \u010cen\u011bk R\u016f\u017ei\u010dka, who dedicated a big part of his life to fighting for the removal of the industrial pig farm from the site of the former concentration camp where his mother was imprisoned and experienced the death of her first-born son.\u00a0\u201cWe sincerely appreciate all those who never gave up, during all those years, on their determination to create a dignified memorial to the Romani victims of the Holocaust, and we wanted to capture their efforts somehow, which very often seemed hopeless at the time,\u201d\u00a0says Romani Studies scholar Renata Berkyov\u00e1, a co-creator of the film, of the motivation for making it.<\/p>\n<p>\u201cToday, for example, few people know what strong pressure was exerted during the 1990s by people such as Vladim\u00edr Mlyn\u00e1\u0159, Petr Uhl or Markus Pape to see the industrial pig farm removed,\u201d\u00a0Berkyov\u00e1\u00a0said.\u00a0The documentary film LETY by the ROMEA organization was produced thanks to financial support from Bader Philanthropies and the Embassy of the United States of America to the Czech Republic.<\/p>\n<p>(source Romea TV)<\/p>\n<p>Trailer:<br \/>\n<iframe src=\"https:\/\/www.youtube.com\/embed\/Z9yvCVTepyk\" width=\"560\" height=\"315\" frameborder=\"0\" allowfullscreen=\"allowfullscreen\"><\/iframe><\/p>\n<p><iframe style=\"border: none; overflow: hidden;\" src=\"https:\/\/www.facebook.com\/plugins\/video.php?height=476&amp;href=https%3A%2F%2Fwww.facebook.com%2Fartivistlab%2Fvideos%2F306831100368384%2F&amp;show_text=false&amp;width=267\" width=\"267\" height=\"476\" frameborder=\"0\" scrolling=\"no\" allowfullscreen=\"allowfullscreen\"><\/iframe><\/p>\n<p>&nbsp;<\/p>\n","protected":false},"excerpt":{"rendered":"<p>Hybernsk\u00e1 Campus, Hybernsk\u00e1 4, Praha 1 Kino s\u00e1l On 16. 07. 2020 at 18:00h. the documentary film \u201eLETY\u201c was screened at Hybernsk\u00e1 Campus, Hybernsk\u00e1 4, Praha 1, Kino s\u00e1l, followed by a discussion among Renata Berkyov\u00e1 (co-author of the film, Prague Forum for Roma History, \u00daSD) and Moderated by Helena Sad\u00edlkov\u00e1 (FFUK Roma studies Seminar) [&hellip;]<\/p>\n","protected":false},"author":2,"featured_media":0,"parent":0,"menu_order":11,"comment_status":"closed","ping_status":"closed","template":"","meta":[],"yoast_head":"<!-- This site is optimized with the Yoast SEO plugin v15.6.2 - https:\/\/yoast.com\/wordpress\/plugins\/seo\/ -->\n<meta name=\"robots\" content=\"index, follow, max-snippet:-1, max-image-preview:large, max-video-preview:-1\" \/>\n<link rel=\"canonical\" href=\"http:\/\/www.artivistlab.info\/purano-hangos\/film-screening-and-discussion-lety\" \/>\n<meta property=\"og:locale\" content=\"en_US\" \/>\n<meta property=\"og:type\" content=\"article\" \/>\n<meta property=\"og:title\" content=\"Film screening and discussion: Lety - tam\" \/>\n<meta property=\"og:description\" content=\"Hybernsk\u00e1 Campus, Hybernsk\u00e1 4, Praha 1 Kino s\u00e1l On 16. 07. 2020 at 18:00h. the documentary film \u201eLETY\u201c was screened at Hybernsk\u00e1 Campus, Hybernsk\u00e1 4, Praha 1, Kino s\u00e1l, followed by a discussion among Renata Berkyov\u00e1 (co-author of the film, Prague Forum for Roma History, \u00daSD) and Moderated by Helena Sad\u00edlkov\u00e1 (FFUK Roma studies Seminar) [&hellip;]\" \/>\n<meta property=\"og:url\" content=\"http:\/\/www.artivistlab.info\/purano-hangos\/film-screening-and-discussion-lety\" \/>\n<meta property=\"og:site_name\" content=\"tam\" \/>\n<meta property=\"article:modified_time\" content=\"2021-01-26T14:30:35+00:00\" \/>\n<meta property=\"og:image\" content=\"http:\/\/www.artivistlab.info\/purano-hangos\/wp-content\/uploads\/2020\/12\/lety-plagat-e1609363341140.jpg\" \/>\n<meta name=\"twitter:card\" content=\"summary_large_image\" \/>\n<meta name=\"twitter:label1\" content=\"Est. reading time\">\n\t<meta name=\"twitter:data1\" content=\"3 minutes\">\n<script type=\"application\/ld+json\" class=\"yoast-schema-graph\">{\"@context\":\"https:\/\/schema.org\",\"@graph\":[{\"@type\":\"WebSite\",\"@id\":\"https:\/\/www.artivistlab.info\/purano-hangos\/#website\",\"url\":\"https:\/\/www.artivistlab.info\/purano-hangos\/\",\"name\":\"tam\",\"description\":\"Just another WordPress site\",\"potentialAction\":[{\"@type\":\"SearchAction\",\"target\":\"https:\/\/www.artivistlab.info\/purano-hangos\/?s={search_term_string}\",\"query-input\":\"required name=search_term_string\"}],\"inLanguage\":\"en-US\"},{\"@type\":\"ImageObject\",\"@id\":\"http:\/\/www.artivistlab.info\/purano-hangos\/film-screening-and-discussion-lety#primaryimage\",\"inLanguage\":\"en-US\",\"url\":\"http:\/\/www.artivistlab.info\/purano-hangos\/wp-content\/uploads\/2020\/12\/lety-plagat-e1609363341140.jpg\"},{\"@type\":\"WebPage\",\"@id\":\"http:\/\/www.artivistlab.info\/purano-hangos\/film-screening-and-discussion-lety#webpage\",\"url\":\"http:\/\/www.artivistlab.info\/purano-hangos\/film-screening-and-discussion-lety\",\"name\":\"Film screening and discussion: Lety - tam\",\"isPartOf\":{\"@id\":\"https:\/\/www.artivistlab.info\/purano-hangos\/#website\"},\"primaryImageOfPage\":{\"@id\":\"http:\/\/www.artivistlab.info\/purano-hangos\/film-screening-and-discussion-lety#primaryimage\"},\"datePublished\":\"2020-12-09T21:22:31+00:00\",\"dateModified\":\"2021-01-26T14:30:35+00:00\",\"inLanguage\":\"en-US\",\"potentialAction\":[{\"@type\":\"ReadAction\",\"target\":[\"http:\/\/www.artivistlab.info\/purano-hangos\/film-screening-and-discussion-lety\"]}]}]}<\/script>\n<!-- \/ Yoast SEO plugin. -->","_links":{"self":[{"href":"https:\/\/www.artivistlab.info\/purano-hangos\/wp-json\/wp\/v2\/pages\/105"}],"collection":[{"href":"https:\/\/www.artivistlab.info\/purano-hangos\/wp-json\/wp\/v2\/pages"}],"about":[{"href":"https:\/\/www.artivistlab.info\/purano-hangos\/wp-json\/wp\/v2\/types\/page"}],"author":[{"embeddable":true,"href":"https:\/\/www.artivistlab.info\/purano-hangos\/wp-json\/wp\/v2\/users\/2"}],"replies":[{"embeddable":true,"href":"https:\/\/www.artivistlab.info\/purano-hangos\/wp-json\/wp\/v2\/comments?post=105"}],"version-history":[{"count":16,"href":"https:\/\/www.artivistlab.info\/purano-hangos\/wp-json\/wp\/v2\/pages\/105\/revisions"}],"predecessor-version":[{"id":359,"href":"https:\/\/www.artivistlab.info\/purano-hangos\/wp-json\/wp\/v2\/pages\/105\/revisions\/359"}],"wp:attachment":[{"href":"https:\/\/www.artivistlab.info\/purano-hangos\/wp-json\/wp\/v2\/media?parent=105"}],"curies":[{"name":"wp","href":"https:\/\/api.w.org\/{rel}","templated":true}]}}